{"id":3609,"date":"2019-12-26T06:57:13","date_gmt":"2019-12-26T06:57:13","guid":{"rendered":"https:\/\/sekbanapre.com\/?page_id=3609"},"modified":"2025-03-13T13:30:33","modified_gmt":"2025-03-13T13:30:33","slug":"about","status":"publish","type":"page","link":"https:\/\/sekbanapre.com\/?page_id=3609","title":{"rendered":"Hakk\u0131m\u0131zda"},"content":{"rendered":"\t\t<div data-elementor-type=\"wp-page\" data-elementor-id=\"3609\" class=\"elementor elementor-3609\">\n\t\t\t\t<div class=\"aux-parallax-section elementor-element elementor-element-9c57da3 e-flex e-con-boxed e-con e-parent\" data-id=\"9c57da3\" data-element_type=\"container\">\n\t\t\t\t\t<div class=\"e-con-inner\">\n\t\t<div class=\"elementor-element elementor-element-d12848d e-con-full e-flex e-con e-child\" data-id=\"d12848d\" data-element_type=\"container\">\n\t\t\t\t<div class=\"elementor-element elementor-element-c97ded0 aux-appear-watch-animation aux-fade-in-up-1 elementor-widget elementor-widget-aux_modern_heading\" data-id=\"c97ded0\" data-element_type=\"widget\" data-widget_type=\"aux_modern_heading.default\">\n\t\t\t\t<div class=\"elementor-widget-container\">\n\t\t\t\t\t<section class=\"aux-widget-modern-heading\">\n            <div class=\"aux-widget-inner\"><h2 class=\"aux-modern-heading-primary\">Hakk\u0131m\u0131zda<\/h2><h3 class=\"aux-modern-heading-secondary\"><span class=\"aux-head-before\">SekbanApre<\/span><\/h3><div class=\"aux-modern-heading-description\"><h5>Vizyonumuzdan, misyonumuz dan ve kalite politikalar\u0131m\u0131zdan \u00f6d\u00fcn vermeden do\u011fru projeler ve do\u011fru firmalarla \u00e7\u00f6z\u00fcm ortakl\u0131\u011f\u0131n\u0131n ikinci do\u011fru taraf\u0131 olarak uzun s\u00fcreli piyasada var olmak istiyoruz.<\/h5><\/div><\/div>\n        <\/section>\t\t\t\t<\/div>\n\t\t\t\t<\/div>\n\t\t\t\t<div class=\"elementor-element elementor-element-35a0ac2 aux-appear-watch-animation aux-fade-in-up-1 elementor-widget elementor-widget-aux_text\" data-id=\"35a0ac2\" data-element_type=\"widget\" data-widget_type=\"aux_text.default\">\n\t\t\t\t<div class=\"elementor-widget-container\">\n\t\t\t\t\t<section class=\"widget-container aux-widget-text aux-parent-auaf71c498\">        <div class=\"aux-widget-advanced-text aux-wrap-style-simple aux-ico-pos-left aux-text-left aux-text-resp- aux-text-color-dark aux-text-widget-bg-center  aux-text-padding-fix \" >\n        \n                            <div class=\"aux-text-widget-header \"  >\n                        <div class=\"aux-ico-box aux-ico-large aux-ico-shape-circle aux-ico-clear \">\n                                                                <span class=\"aux-ico auxicon-idea\" > <\/span>\n                                                            <\/div>\n                <\/div>\n            \n            <div class=\"aux-text-inner aux-text-widget-content\">\n                                <h4 class=\"col-title\">Vizyonumuz<\/h4>\n                                <div class=\"widget-content\">\n                                        <p>Sekt\u00f6rde ortaya koymu\u015f oldu\u011fumuz g\u00fcvenirlili\u011fi ve geli\u015fmeye a\u00e7\u0131k olan yap\u0131m\u0131zla, i\u00e7 ve di\u015f m\u00fc\u015fterilerimizin memnuniyetini s\u00fcrekli geli\u015ftirerek reel b\u00fcy\u00fcme h\u0131z\u0131yla yap\u0131lanarak kurumsal devaml\u0131l\u0131\u011f\u0131m\u0131z\u0131 sa\u011flamak vizyonumuzdur.<\/p>                <\/div>\n                            <\/div>\n        <\/div>\n                    <div class=\"aux-text-widget-footer\">\n                <div class=\"aux-border-shape-none \">\n                                <\/div>\n            <\/div>\n        \n<\/section><!-- widget-container -->\t\t\t\t<\/div>\n\t\t\t\t<\/div>\n\t\t\t\t<div class=\"elementor-element elementor-element-d0e6f93 aux-appear-watch-animation aux-fade-in-up-1 elementor-widget elementor-widget-aux_text\" data-id=\"d0e6f93\" data-element_type=\"widget\" data-widget_type=\"aux_text.default\">\n\t\t\t\t<div class=\"elementor-widget-container\">\n\t\t\t\t\t<section class=\"widget-container aux-widget-text aux-parent-au03bbb948\">        <div class=\"aux-widget-advanced-text aux-wrap-style-simple aux-ico-pos-left aux-text-left aux-text-resp- aux-text-color-dark aux-text-widget-bg-center  aux-text-padding-fix \" >\n        \n                            <div class=\"aux-text-widget-header \"  >\n                        <div class=\"aux-ico-box aux-ico-large aux-ico-shape-circle aux-ico-clear \">\n                                                                <span class=\"aux-ico auxicon-idea\" > <\/span>\n                                                            <\/div>\n                <\/div>\n            \n            <div class=\"aux-text-inner aux-text-widget-content\">\n                                <h4 class=\"col-title\">Misyonumuz<\/h4>\n                                <div class=\"widget-content\">\n                                        <p>Yapt\u0131\u011f\u0131m\u0131z i\u015fin kalitesinden, m\u00fc\u015fteri odakl\u0131l\u0131\u011f\u0131m\u0131zdan, g\u00fcvenilirli\u011fimizden ve olu\u015fturmu\u015f oldu\u011fumuz hakkaniyet felsefelerinden \u00f6d\u00fcn vermeden \u00e7al\u0131\u015fmalar yapmak, yapt\u0131\u011f\u0131m\u0131z \u00e7al\u0131\u015fmalar\u0131 i\u00e7 ve di\u015f m\u00fc\u015fterilerimizle payla\u015fmak misyonumuzdur.<\/p>                <\/div>\n                            <\/div>\n        <\/div>\n                    <div class=\"aux-text-widget-footer\">\n                <div class=\"aux-border-shape-none \">\n                                <\/div>\n            <\/div>\n        \n<\/section><!-- widget-container -->\t\t\t\t<\/div>\n\t\t\t\t<\/div>\n\t\t\t\t<div class=\"elementor-element elementor-element-d7de0a6 aux-appear-watch-animation aux-fade-in-up-1 elementor-widget elementor-widget-aux_text\" data-id=\"d7de0a6\" data-element_type=\"widget\" data-widget_type=\"aux_text.default\">\n\t\t\t\t<div class=\"elementor-widget-container\">\n\t\t\t\t\t<section class=\"widget-container aux-widget-text aux-parent-au6c6fb590\">        <div class=\"aux-widget-advanced-text aux-wrap-style-simple aux-ico-pos-left aux-text-left aux-text-resp- aux-text-color-dark aux-text-widget-bg-center  aux-text-padding-fix \" >\n        \n                            <div class=\"aux-text-widget-header \"  >\n                        <div class=\"aux-ico-box aux-ico-large aux-ico-shape-circle aux-ico-clear \">\n                                                                <span class=\"aux-ico auxicon-time\" > <\/span>\n                                                            <\/div>\n                <\/div>\n            \n            <div class=\"aux-text-inner aux-text-widget-content\">\n                                <h4 class=\"col-title\">Kalite Politikam\u0131z<\/h4>\n                                <div class=\"widget-content\">\n                                        <p>Kalite y\u00f6netim sistemimiz paralelinde i\u015f s\u00fcre\u00e7lerimizi s\u00fcrekli geli\u015ftirerek, hata oranlar\u0131m\u0131z\u0131 d\u00fc\u015f\u00fcrmek, uygulama ve sonras\u0131 teknik hizmetlerimizi m\u00fc\u015fterilerimizin beklentileri do\u011frultusunda harekete ge\u00e7irmek kalite politikam\u0131zd\u0131r.<\/p>                <\/div>\n                            <\/div>\n        <\/div>\n                    <div class=\"aux-text-widget-footer\">\n                <div class=\"aux-border-shape-none \">\n                                <\/div>\n            <\/div>\n        \n<\/section><!-- widget-container -->\t\t\t\t<\/div>\n\t\t\t\t<\/div>\n\t\t\t\t<\/div>\n\t\t<div class=\"elementor-element elementor-element-d131d9a e-con-full e-flex e-con e-child\" data-id=\"d131d9a\" data-element_type=\"container\">\n\t\t\t\t<div class=\"elementor-element elementor-element-d6b84da aux-appear-watch-animation aux-scale-up-1 elementor-widget elementor-widget-aux_image\" data-id=\"d6b84da\" data-element_type=\"widget\" data-widget_type=\"aux_image.default\">\n\t\t\t\t<div class=\"elementor-widget-container\">\n\t\t\t\t\t<section class=\"widget-container aux-widget-image aux-alignnone aux-parent-au1db10f47\">\n    <div class=\"aux-media-hint-frame \">\n        <div class=\"aux-media-image \" >\n        \n            \n\n            \n            <img fetchpriority=\"high\" decoding=\"async\" width=\"950\" height=\"402\" src=\"data:image\/gif;base64,R0lGODlhAQABAIAAAAAAAP\/\/\/yH5BAEAAAAALAAAAAABAAEAAAIBRAA7\" class=\"aux-attachment aux-featured-image aux-attachment-id-3638 aux-preload aux-blank\" alt=\"sekban-apre-slayt-5-950x402\" data-ratio=\"2.36\" data-original-w=\"950\" data-src=\"https:\/\/sekbanapre.com\/wp-content\/uploads\/2025\/03\/sekban-apre-slayt-5-950x402-2.jpg\" \/>            \n                <\/div>\n    <\/div>\n\n<\/section><!-- widget-container -->\t\t\t\t<\/div>\n\t\t\t\t<\/div>\n\t\t\t\t<\/div>\n\t\t\t\t\t<\/div>\n\t\t\t\t<\/div>\n\t\t<div class=\"aux-parallax-section elementor-element elementor-element-a5a0554 aux-appear-watch-animation aux-mask-from-top e-flex e-con-boxed e-con e-parent\" data-id=\"a5a0554\" data-element_type=\"container\">\n\t\t\t\t\t<div class=\"e-con-inner\">\n\t\t<div class=\"elementor-element elementor-element-7ecf641 e-con-full e-flex e-con e-child\" data-id=\"7ecf641\" data-element_type=\"container\" data-settings=\"{&quot;background_background&quot;:&quot;classic&quot;}\">\n\t\t\t\t<div class=\"elementor-element elementor-element-ece08a6 aux-appear-watch-animation aux-fade-in-up-1 elementor-widget elementor-widget-aux_modern_heading\" data-id=\"ece08a6\" data-element_type=\"widget\" data-widget_type=\"aux_modern_heading.default\">\n\t\t\t\t<div class=\"elementor-widget-container\">\n\t\t\t\t\t<section class=\"aux-widget-modern-heading\">\n            <div class=\"aux-widget-inner\"><h2 class=\"aux-modern-heading-primary\">\"Teknolojiyle G\u00fc\u00e7lenen \u00dcretim, Kaliteyle B\u00fcy\u00fcyen Gelecek!\"<\/h2><\/div>\n        <\/section>\t\t\t\t<\/div>\n\t\t\t\t<\/div>\n\t\t\t\t<\/div>\n\t\t\t\t\t<\/div>\n\t\t\t\t<\/div>\n\t\t\t\t<\/div>\n\t\t","protected":false},"excerpt":{"rendered":"<p>Hakk\u0131m\u0131zda SekbanApre Vizyonumuzdan, misyonumuz dan ve kalite politikalar\u0131m\u0131zdan \u00f6d\u00fcn vermeden do\u011fru projeler ve do\u011fru firmalarla \u00e7\u00f6z\u00fcm ortakl\u0131\u011f\u0131n\u0131n ikinci do\u011fru taraf\u0131 olarak uzun s\u00fcreli piyasada var olmak istiyoruz. Vizyonumuz Sekt\u00f6rde ortaya koymu\u015f oldu\u011fumuz g\u00fcvenirlili\u011fi ve geli\u015fmeye a\u00e7\u0131k olan yap\u0131m\u0131zla, i\u00e7 ve di\u015f m\u00fc\u015fterilerimizin memnuniyetini s\u00fcrekli geli\u015ftirerek reel b\u00fcy\u00fcme h\u0131z\u0131yla yap\u0131lanarak kurumsal devaml\u0131l\u0131\u011f\u0131m\u0131z\u0131 sa\u011flamak vizyonumuzdur. Misyonumuz Yapt\u0131\u011f\u0131m\u0131z [&hellip;]<\/p>\n","protected":false},"author":1,"featured_media":0,"parent":0,"menu_order":0,"comment_status":"closed","ping_status":"closed","template":"templates\/page-builder-content.php","meta":{"footnotes":""},"class_list":["post-3609","page","type-page","status-publish","hentry"],"_links":{"self":[{"href":"https:\/\/sekbanapre.com\/index.php?rest_route=\/wp\/v2\/pages\/3609","targetHints":{"allow":["GET"]}}],"collection":[{"href":"https:\/\/sekbanapre.com\/index.php?rest_route=\/wp\/v2\/pages"}],"about":[{"href":"https:\/\/sekbanapre.com\/index.php?rest_route=\/wp\/v2\/types\/page"}],"author":[{"embeddable":true,"href":"https:\/\/sekbanapre.com\/index.php?rest_route=\/wp\/v2\/users\/1"}],"replies":[{"embeddable":true,"href":"https:\/\/sekbanapre.com\/index.php?rest_route=%2Fwp%2Fv2%2Fcomments&post=3609"}],"version-history":[{"count":6,"href":"https:\/\/sekbanapre.com\/index.php?rest_route=\/wp\/v2\/pages\/3609\/revisions"}],"predecessor-version":[{"id":3670,"href":"https:\/\/sekbanapre.com\/index.php?rest_route=\/wp\/v2\/pages\/3609\/revisions\/3670"}],"wp:attachment":[{"href":"https:\/\/sekbanapre.com\/index.php?rest_route=%2Fwp%2Fv2%2Fmedia&parent=3609"}],"curies":[{"name":"wp","href":"https:\/\/api.w.org\/{rel}","templated":true}]}}